{"id":2,"date":"2025-02-21T20:57:35","date_gmt":"2025-02-21T19:57:35","guid":{"rendered":"http:\/\/kokkino-chorio.com\/?page_id=2"},"modified":"2025-03-17T22:43:41","modified_gmt":"2025-03-17T21:43:41","slug":"page-d-exemple","status":"publish","type":"page","link":"http:\/\/kokkino-chorio.com\/?page_id=2","title":{"rendered":"Kokkino Chorio, Cr\u00e8te, Gr\u00e8ce"},"content":{"rendered":"\n<p><\/p>\n\n\n\n<p><\/p>\n\n\n\n<figure class=\"wp-block-embed is-type-video is-provider-youtube wp-block-embed-youtube wp-embed-aspect-16-9 wp-has-aspect-ratio\"><div class=\"wp-block-embed__wrapper\">\n<iframe loading=\"lazy\" title=\"view villa cassandra night\" width=\"500\" height=\"281\" src=\"https:\/\/www.youtube.com\/embed\/Gzi7HSuMIIU?feature=oembed\" frameborder=\"0\" allow=\"accelerometer; autoplay; clipboard-write; encrypted-media; gyroscope; picture-in-picture; web-share\" referrerpolicy=\"strict-origin-when-cross-origin\" allowfullscreen><\/iframe>\n<\/div><\/figure>\n\n\n\n<p><\/p>\n\n\n\n<figure class=\"wp-block-image size-large\"><img loading=\"lazy\" decoding=\"async\" width=\"1024\" height=\"471\" src=\"http:\/\/kokkino-chorio.com\/wp-content\/uploads\/2025\/03\/image-1024x471.png\" alt=\"\" class=\"wp-image-15\" srcset=\"http:\/\/kokkino-chorio.com\/wp-content\/uploads\/2025\/03\/image-1024x471.png 1024w, http:\/\/kokkino-chorio.com\/wp-content\/uploads\/2025\/03\/image-300x138.png 300w, http:\/\/kokkino-chorio.com\/wp-content\/uploads\/2025\/03\/image-768x353.png 768w, http:\/\/kokkino-chorio.com\/wp-content\/uploads\/2025\/03\/image-1536x706.png 1536w, http:\/\/kokkino-chorio.com\/wp-content\/uploads\/2025\/03\/image.png 1547w\" sizes=\"auto, (max-width: 1024px) 100vw, 1024px\" \/><\/figure>\n\n\n\n<p>Kokkino Chorio, le village Rouge, Gr\u00e8ce, Cr\u00e8te, Chania<\/p>\n\n\n\n<p><strong>Kokkino Chorio<\/strong>, le village rouge, est un ancien village de Bergers, situ\u00e9 en au nord-ouest de l&#8217;ile de Cr\u00e8te en Gr\u00e8ce.<\/p>\n\n\n\n<p>Cette appellation de village Rouge provient probablement du fait que la terre sur laquelle est situ\u00e9 le village est d&#8217;un rouge Ocre prononc\u00e9.<\/p>\n\n\n\n<p>Ce rouge contraste particuli\u00e8rement avec le vert des plantes et le blanc gris des roches.<\/p>\n\n\n\n<p>Dans la partie ancienne du village, environ 300 habitants permanents y vivent, il y a des ruelles \u00e9troites avec des maisons en pierre blanchies \u00e0 la chaux typique des vieux villages Grecs.<\/p>\n\n\n\n<figure class=\"wp-block-image size-large\"><img loading=\"lazy\" decoding=\"async\" width=\"1024\" height=\"768\" src=\"http:\/\/kokkino-chorio.com\/wp-content\/uploads\/2025\/03\/IMG20220508134513-1024x768.jpg\" alt=\"\" class=\"wp-image-16\" srcset=\"http:\/\/kokkino-chorio.com\/wp-content\/uploads\/2025\/03\/IMG20220508134513-1024x768.jpg 1024w, http:\/\/kokkino-chorio.com\/wp-content\/uploads\/2025\/03\/IMG20220508134513-300x225.jpg 300w, http:\/\/kokkino-chorio.com\/wp-content\/uploads\/2025\/03\/IMG20220508134513-768x576.jpg 768w, http:\/\/kokkino-chorio.com\/wp-content\/uploads\/2025\/03\/IMG20220508134513-1536x1152.jpg 1536w, http:\/\/kokkino-chorio.com\/wp-content\/uploads\/2025\/03\/IMG20220508134513-2048x1536.jpg 2048w\" sizes=\"auto, (max-width: 1024px) 100vw, 1024px\" \/><figcaption class=\"wp-element-caption\">oplus_2<\/figcaption><\/figure>\n\n\n\n<figure class=\"wp-block-gallery has-nested-images columns-default is-cropped wp-block-gallery-1 is-layout-flex wp-block-gallery-is-layout-flex\">\n<figure class=\"wp-block-image size-large\"><img loading=\"lazy\" decoding=\"async\" width=\"768\" height=\"1024\" data-id=\"19\" src=\"http:\/\/kokkino-chorio.com\/wp-content\/uploads\/2025\/03\/P1010977-1-768x1024.jpg\" alt=\"\" class=\"wp-image-19\" srcset=\"http:\/\/kokkino-chorio.com\/wp-content\/uploads\/2025\/03\/P1010977-1-768x1024.jpg 768w, http:\/\/kokkino-chorio.com\/wp-content\/uploads\/2025\/03\/P1010977-1-225x300.jpg 225w, http:\/\/kokkino-chorio.com\/wp-content\/uploads\/2025\/03\/P1010977-1-1152x1536.jpg 1152w, http:\/\/kokkino-chorio.com\/wp-content\/uploads\/2025\/03\/P1010977-1-1536x2048.jpg 1536w, http:\/\/kokkino-chorio.com\/wp-content\/uploads\/2025\/03\/P1010977-1-scaled.jpg 1920w\" sizes=\"auto, (max-width: 768px) 100vw, 768px\" \/><\/figure>\n\n\n\n<figure class=\"wp-block-image size-large\"><img loading=\"lazy\" decoding=\"async\" width=\"1024\" height=\"768\" data-id=\"20\" src=\"http:\/\/kokkino-chorio.com\/wp-content\/uploads\/2025\/03\/P1010978-1024x768.jpg\" alt=\"\" class=\"wp-image-20\" srcset=\"http:\/\/kokkino-chorio.com\/wp-content\/uploads\/2025\/03\/P1010978-1024x768.jpg 1024w, http:\/\/kokkino-chorio.com\/wp-content\/uploads\/2025\/03\/P1010978-300x225.jpg 300w, http:\/\/kokkino-chorio.com\/wp-content\/uploads\/2025\/03\/P1010978-768x576.jpg 768w, http:\/\/kokkino-chorio.com\/wp-content\/uploads\/2025\/03\/P1010978-1536x1152.jpg 1536w, http:\/\/kokkino-chorio.com\/wp-content\/uploads\/2025\/03\/P1010978-2048x1536.jpg 2048w\" sizes=\"auto, (max-width: 1024px) 100vw, 1024px\" \/><\/figure>\n<\/figure>\n\n\n\n<figure class=\"wp-block-gallery has-nested-images columns-default is-cropped wp-block-gallery-2 is-layout-flex wp-block-gallery-is-layout-flex\">\n<figure class=\"wp-block-image size-large\"><img loading=\"lazy\" decoding=\"async\" width=\"1024\" height=\"768\" data-id=\"17\" src=\"http:\/\/kokkino-chorio.com\/wp-content\/uploads\/2025\/03\/P1010926-1024x768.jpg\" alt=\"\" class=\"wp-image-17\" srcset=\"http:\/\/kokkino-chorio.com\/wp-content\/uploads\/2025\/03\/P1010926-1024x768.jpg 1024w, http:\/\/kokkino-chorio.com\/wp-content\/uploads\/2025\/03\/P1010926-300x225.jpg 300w, http:\/\/kokkino-chorio.com\/wp-content\/uploads\/2025\/03\/P1010926-768x576.jpg 768w, http:\/\/kokkino-chorio.com\/wp-content\/uploads\/2025\/03\/P1010926-1536x1152.jpg 1536w, http:\/\/kokkino-chorio.com\/wp-content\/uploads\/2025\/03\/P1010926-2048x1536.jpg 2048w\" sizes=\"auto, (max-width: 1024px) 100vw, 1024px\" \/><\/figure>\n<\/figure>\n\n\n\n<p>Perch\u00e9 sur la grosse colline de Drapanos (Drapanokefala) face \u00e0 la plus grande baie d&#8217;Europe, la baie de Souda ,<\/p>\n\n\n\n<p>&nbsp;le village de Kokkino Chorio &nbsp;offre &nbsp;de toutes parts des vues panoramiques sans entraves absolument spectaculaires, presque hypnotiques, tant sur l&#8217;int\u00e9rieur des terres avec les montagnes Blanches (enneig\u00e9es 5 mois de l&#8217;ann\u00e9e) que sur la mer Eg\u00e9e et enfin sur la c\u00f4te rocheuse et sableuse de la baie.<\/p>\n\n\n\n<figure class=\"wp-block-image size-large\"><img loading=\"lazy\" decoding=\"async\" width=\"1024\" height=\"391\" src=\"http:\/\/kokkino-chorio.com\/wp-content\/uploads\/2025\/03\/House-A-37-1024x391.jpg\" alt=\"\" class=\"wp-image-22\" srcset=\"http:\/\/kokkino-chorio.com\/wp-content\/uploads\/2025\/03\/House-A-37-1024x391.jpg 1024w, http:\/\/kokkino-chorio.com\/wp-content\/uploads\/2025\/03\/House-A-37-300x115.jpg 300w, http:\/\/kokkino-chorio.com\/wp-content\/uploads\/2025\/03\/House-A-37-768x293.jpg 768w, http:\/\/kokkino-chorio.com\/wp-content\/uploads\/2025\/03\/House-A-37.jpg 1366w\" sizes=\"auto, (max-width: 1024px) 100vw, 1024px\" \/><\/figure>\n\n\n\n<p>Aux alentours du village historique, de nombreuses villas plus ou moins luxueuses ont \u00e9t\u00e9 construites afin de profiter de l&#8217;emplacement extraordinaire.<\/p>\n\n\n\n<p>&nbsp;C\u2019est un endroit de paix et tranquillit\u00e9, o\u00f9 la belle nature, les vues \u00e9poustouflantes et les traditions grecques combin\u00e9es avec le confort d&#8217;une villa de vacances garantissent \u00e0 ces heureux occupants des vacances parfaites.<\/p>\n\n\n\n<p>Les Villas Cassandra et Penelope situ\u00e9es a Kokkino chorio sont disponibles&nbsp;\u00e0 la location :<\/p>\n\n\n\n<p><a href=\"http:\/\/www.villa-cassandra.com\">www.villa-cassandra.com<\/a><\/p>\n\n\n\n<p><a href=\"http:\/\/www.villa-penelope.com\">www.villa-penelope.com<\/a><\/p>\n","protected":false},"excerpt":{"rendered":"<p>Kokkino Chorio, le village Rouge, Gr\u00e8ce, Cr\u00e8te, Chania Kokkino Chorio, le village rouge, est un ancien village de Bergers, situ\u00e9 en au nord-ouest de l&#8217;ile de Cr\u00e8te en Gr\u00e8ce. Cette appellation de village Rouge provient probablement du fait que la terre sur laquelle est situ\u00e9 le village est d&#8217;un rouge Ocre prononc\u00e9. Ce rouge contraste [&hellip;]<\/p>\n","protected":false},"author":1,"featured_media":0,"parent":0,"menu_order":1,"comment_status":"closed","ping_status":"open","template":"","meta":{"footnotes":""},"class_list":["post-2","page","type-page","status-publish","hentry"],"_links":{"self":[{"href":"http:\/\/kokkino-chorio.com\/index.php?rest_route=\/wp\/v2\/pages\/2","targetHints":{"allow":["GET"]}}],"collection":[{"href":"http:\/\/kokkino-chorio.com\/index.php?rest_route=\/wp\/v2\/pages"}],"about":[{"href":"http:\/\/kokkino-chorio.com\/index.php?rest_route=\/wp\/v2\/types\/page"}],"author":[{"embeddable":true,"href":"http:\/\/kokkino-chorio.com\/index.php?rest_route=\/wp\/v2\/users\/1"}],"replies":[{"embeddable":true,"href":"http:\/\/kokkino-chorio.com\/index.php?rest_route=%2Fwp%2Fv2%2Fcomments&post=2"}],"version-history":[{"count":3,"href":"http:\/\/kokkino-chorio.com\/index.php?rest_route=\/wp\/v2\/pages\/2\/revisions"}],"predecessor-version":[{"id":23,"href":"http:\/\/kokkino-chorio.com\/index.php?rest_route=\/wp\/v2\/pages\/2\/revisions\/23"}],"wp:attachment":[{"href":"http:\/\/kokkino-chorio.com\/index.php?rest_route=%2Fwp%2Fv2%2Fmedia&parent=2"}],"curies":[{"name":"wp","href":"https:\/\/api.w.org\/{rel}","templated":true}]}}